{"id":110,"date":"2015-10-21T08:55:29","date_gmt":"2015-10-21T08:55:29","guid":{"rendered":"http:\/\/demo.themeton.com\/nrgbusiness\/?page_id=4"},"modified":"2023-10-25T10:23:44","modified_gmt":"2023-10-25T09:23:44","slug":"anysoft-accueil","status":"publish","type":"page","link":"https:\/\/www.anysoft.lu\/","title":{"rendered":"Accueil"},"content":{"rendered":"<section class=\"wpb-content-wrapper\"><p>[vc_row content_placement=\u00a0\u00bbtop\u00a0\u00bb one_page_section=\u00a0\u00bbyes\u00a0\u00bb one_page_label=\u00a0\u00bbaccueil\u00a0\u00bb one_page_slug=\u00a0\u00bbaccueil\u00a0\u00bb css=\u00a0\u00bb.vc_custom_1460539889002{background-position: center !important;background-repeat: no-repeat !important;background-size: cover !important;}\u00a0\u00bb][vc_column vertical_align=\u00a0\u00bbtop\u00a0\u00bb css=\u00a0\u00bb.vc_custom_1460539811712{margin-top: 5px !important;}\u00a0\u00bb][rev_slider_vc alias=\u00a0\u00bbanysoft_ok\u00a0\u00bb el_class=\u00a0\u00bbno-margin-bottom\u00a0\u00bb][slider_navigation count=\u00a0\u00bb3&Prime; style=\u00a0\u00bbtransparent\u00a0\u00bb][slider_navigation_el icon_type=\u00a0\u00bbicon_image\u00a0\u00bb image=\u00a0\u00bb376&Prime; title=\u00a0\u00bbANALYSE\u00a0\u00bb description=\u00a0\u00bbANALYSE\u00a0\u00bb extra_class=\u00a0\u00bbbanner-nav-item active\u00a0\u00bb imagesize=\u00a0\u00bb80&#215;80&Prime;][slider_navigation_el icon_type=\u00a0\u00bbicon_image\u00a0\u00bb image=\u00a0\u00bb377&Prime; title=\u00a0\u00bbD\u00c9VELOPPEMENT\u00a0\u00bb description=\u00a0\u00bbdeveloppement\u00a0\u00bb imagesize=\u00a0\u00bb80&#215;80&Prime;][slider_navigation_el icon_type=\u00a0\u00bbicon_image\u00a0\u00bb image=\u00a0\u00bb375&Prime; title=\u00a0\u00bbD\u00c9PLOIEMENT\u00a0\u00bb description=\u00a0\u00bbDEPLOIEMENT\u00a0\u00bb imagesize=\u00a0\u00bb80&#215;80&Prime;][\/slider_navigation][\/vc_column][\/vc_row][vc_row full_width=\u00a0\u00bbstretch_row_content_no_spaces\u00a0\u00bb one_page_section=\u00a0\u00bbyes\u00a0\u00bb one_page_label=\u00a0\u00bbPRODUITS\u00a0\u00bb one_page_slug=\u00a0\u00bbproduits\u00a0\u00bb css=\u00a0\u00bb.vc_custom_1460392037967{margin-top: 0px !important;margin-bottom: 0px !important;border-top-width: 0px !important;border-bottom-width: 0px !important;padding-top: 0px !important;padding-bottom: 0px !important;background-color: #ffffff !important;}\u00a0\u00bb][vc_column vertical_align=\u00a0\u00bbtop\u00a0\u00bb css=\u00a0\u00bb.vc_custom_1460364541467{margin-top: 0px !important;margin-bottom: 0px !important;border-top-width: 0px !important;border-bottom-width: 0px !important;padding-top: 0px !important;padding-bottom: 0px !important;}\u00a0\u00bb][vc_column_text css=\u00a0\u00bb.vc_custom_1460374810252{margin-top: 2px !important;margin-bottom: 2px !important;border-top-width: 2px !important;border-bottom-width: 2px !important;padding-top: 2px !important;padding-bottom: 2px !important;}\u00a0\u00bb]<\/p>\n<h4 style=\"color: #333333; margin-bottom: 23px; text-align: center;\">NOS PRODUITS<\/h4>\n<p>[\/vc_column_text][vc_tta_tabs spacing=\u00a0\u00bb\u00a0\u00bb active_section=\u00a0\u00bb2&Prime; tab_style=\u00a0\u00bbprocess\u00a0\u00bb css=\u00a0\u00bb.vc_custom_1460376862296{margin-top: 1px !important;margin-bottom: 0px !important;border-top-width: 0px !important;border-bottom-width: 0px !important;padding-top: 0px !important;padding-bottom: 0px !important;}\u00a0\u00bb][vc_tta_section icon_type=\u00a0\u00bbicon_image\u00a0\u00bb image=\u00a0\u00bb329&Prime; tab_id=\u00a0\u00bb1445413033767-4a89a80c-91a9&Prime;][vc_row_inner content_placement=\u00a0\u00bbtop\u00a0\u00bb css=\u00a0\u00bb.vc_custom_1460377104007{background-color: #e6731e !important;}\u00a0\u00bb el_class=\u00a0\u00bbtext-light\u00a0\u00bb][vc_column_inner width=\u00a0\u00bb1\/2&Prime; vertical_align=\u00a0\u00bbtop\u00a0\u00bb][vc_column_text]<\/p>\n<h1 style=\"text-align: center; font-size: 30px; margin-bottom: 10px;\">CLIP<\/h1>\n<p style=\"margin-bottom: 20px; font-size: 16px; color: #ffd7d0; line-height: 16px; text-align: left;\">\u00a0 \u00a0 \u00a0Clip est un logiciel de gestion de cr\u00e9dits \u00e0 la consommation comprenant:<\/p>\n<ul>\n<li style=\"margin-bottom: 12px; font-size: 16px; color: #ffd7d0; line-height: 16px; text-align: justify;\">Application (fr-nl) multi-utilisateurs et multi-agences<\/li>\n<li style=\"margin-bottom: 12px; font-size: 16px; color: #ffd7d0; line-height: 16px; text-align: left;\">Injection automatique des demandes venant de votre web site<\/li>\n<li style=\"margin-bottom: 12px; font-size: 16px; color: #ffd7d0; line-height: 16px; text-align: left;\">Consultation et alimentation de la BNB (pour les pr\u00eateurs)<\/li>\n<li style=\"margin-bottom: 12px; font-size: 16px; color: #ffd7d0; line-height: 16px; text-align: left;\">Importation des donn\u00e9es client via le lecteur de carte d\u2019identit\u00e9<\/li>\n<li style=\"margin-bottom: 12px; font-size: 16px; color: #ffd7d0; line-height: 16px; text-align: left;\">Passerelles vers les diff\u00e9rents organismes bancaires (record, krefima, elantis, cofidis)<\/li>\n<li style=\"margin-bottom: 12px; font-size: 16px; color: #ffd7d0; line-height: 16px; text-align: left;\">Tarificateurs assurance solde restant d\u00fb et impression des contrats (Afi-Esca et Cardif)<\/li>\n<li style=\"margin-bottom: 12px; font-size: 16px; color: #ffd7d0; line-height: 16px; text-align: left;\">Statistiques (support publicitaire, apporteur, acceptation suivant organisme,\u2026).<\/li>\n<li style=\"margin-bottom: 12px; font-size: 16px; color: #ffd7d0; line-height: 16px; text-align: left;\">Outils de relance cibl\u00e9e (mailing ou courrier)<\/li>\n<li style=\"margin-bottom: 12px; font-size: 16px; color: #ffd7d0; line-height: 16px; text-align: left;\">Centralisation et archivage (scanning) des documents li\u00e9s au cr\u00e9dit.<\/li>\n<li style=\"margin-bottom: 12px; font-size: 16px; color: #ffd7d0; line-height: 16px; text-align: left;\">Suivi des dossiers et agenda partag\u00e9<\/li>\n<li style=\"margin-bottom: 12px; font-size: 16px; color: #ffd7d0; line-height: 16px; text-align: left;\">Simulateur de remboursement anticip\u00e9<\/li>\n<li style=\"margin-bottom: 12px; font-size: 16px; color: #ffd7d0; line-height: 16px; text-align: left;\">Cr\u00e9ation et envoi de courriers et mails types<\/li>\n<li style=\"margin-bottom: 12px; font-size: 16px; color: #ffd7d0; line-height: 16px; text-align: left;\">Envoi et r\u00e9ception de sms<\/li>\n<li style=\"margin-bottom: 12px; font-size: 16px; color: #ffd7d0; line-height: 16px; text-align: left;\">\u2026<\/li>\n<\/ul>\n<p>[\/vc_column_text][\/vc_column_inner][vc_column_inner width=\u00a0\u00bb1\/2&Prime; vertical_align=\u00a0\u00bbtop\u00a0\u00bb][vc_single_image image=\u00a0\u00bb214&Prime; img_size=\u00a0\u00bb538&#215;396&Prime; alignment=\u00a0\u00bbcenter\u00a0\u00bb onclick=\u00a0\u00bblink_image\u00a0\u00bb css_animation=\u00a0\u00bbslideInRight\u00a0\u00bb][\/vc_column_inner][\/vc_row_inner][\/vc_tta_section][vc_tta_section icon_type=\u00a0\u00bbicon_image\u00a0\u00bb image=\u00a0\u00bb330&Prime; tab_id=\u00a0\u00bb1445413034085-fc9702cb-fa88&Prime;][vc_row_inner content_placement=\u00a0\u00bbtop\u00a0\u00bb css=\u00a0\u00bb.vc_custom_1460377179247{background-color: #e6731e !important;}\u00a0\u00bb el_class=\u00a0\u00bbtext-light\u00a0\u00bb][vc_column_inner width=\u00a0\u00bb1\/2&Prime; vertical_align=\u00a0\u00bbtop\u00a0\u00bb][vc_column_text]<\/p>\n<h1 style=\"text-align: center; font-size: 30px; margin-bottom: 10px;\">HYPOTOOLS<\/h1>\n<p style=\"margin-bottom: 20px; font-size: 16px; color: #ffd7d0; line-height: 16px; text-align: left;\">\u00a0 \u00a0 \u00a0Hypotools est une application web (FR et NL) de gestion de cr\u00e9dits hypoth\u00e9caires comprenant:<\/p>\n<ul>\n<li style=\"margin-bottom: 12px; font-size: 16px; color: #ffd7d0; line-height: 16px; text-align: justify;\">Un calculateur de frais d\u2019acte de cr\u00e9dit et d\u2019achat<\/li>\n<li style=\"margin-bottom: 12px; font-size: 16px; color: #ffd7d0; line-height: 16px; text-align: left;\">Un simulateur de taux permettant \u00e9galement de calculer le TAEG<\/li>\n<li style=\"margin-bottom: 12px; font-size: 16px; color: #ffd7d0; line-height: 16px; text-align: left;\">L\u2019encodage de vos prospects et dossiers<\/li>\n<li style=\"margin-bottom: 12px; font-size: 16px; color: #ffd7d0; line-height: 16px; text-align: left;\">La lecture de carte d\u2019identit\u00e9 \u00e9lectronique<\/li>\n<li style=\"margin-bottom: 12px; font-size: 16px; color: #ffd7d0; line-height: 16px; text-align: left;\">Un module permettant de cr\u00e9er vos propres mod\u00e8les de documents<\/li>\n<li style=\"margin-bottom: 12px; font-size: 16px; color: #ffd7d0; line-height: 16px; text-align: left;\">Un archivage des documents li\u00e9s au dossier<\/li>\n<li style=\"margin-bottom: 12px; font-size: 16px; color: #ffd7d0; line-height: 16px; text-align: left;\">Une biblioth\u00e8que de documents<\/li>\n<li style=\"margin-bottom: 12px; font-size: 16px; color: #ffd7d0; line-height: 16px; text-align: left;\">Un outil permettant d\u2019envoyer des mails directement au client<\/li>\n<li style=\"margin-bottom: 12px; font-size: 16px; color: #ffd7d0; line-height: 16px; text-align: left;\">Un agenda avec une fonctionnalit\u00e9 de rappel permettant de g\u00e9rer vos diff\u00e9rents rendez-vous<\/li>\n<li style=\"margin-bottom: 12px; font-size: 16px; color: #ffd7d0; line-height: 16px; text-align: left;\">Un syst\u00e8me d\u2019extraction des donn\u00e9es en format excel vous offrant une parfaite libert\u00e9<\/li>\n<li style=\"margin-bottom: 12px; font-size: 16px; color: #ffd7d0; line-height: 16px; text-align: left;\">Un module avec diff\u00e9rentes statistiques<\/li>\n<li style=\"margin-bottom: 12px; font-size: 16px; color: #ffd7d0; line-height: 16px; text-align: left;\">Une gestion Middle Office (permettant de fonctionner comme une cellule PH)<\/li>\n<li style=\"margin-bottom: 12px; font-size: 16px; color: #ffd7d0; line-height: 16px; text-align: left;\">\u2026<\/li>\n<\/ul>\n<p>[\/vc_column_text][\/vc_column_inner][vc_column_inner width=\u00a0\u00bb1\/2&Prime; vertical_align=\u00a0\u00bbmiddle\u00a0\u00bb css=\u00a0\u00bb.vc_custom_1460215729527{background-position: center !important;background-repeat: no-repeat !important;background-size: cover !important;}\u00a0\u00bb][vc_single_image image=\u00a0\u00bb508&Prime; img_size=\u00a0\u00bb600&#215;337&Prime; alignment=\u00a0\u00bbcenter\u00a0\u00bb onclick=\u00a0\u00bblink_image\u00a0\u00bb css_animation=\u00a0\u00bbslideInRight\u00a0\u00bb][\/vc_column_inner][\/vc_row_inner][\/vc_tta_section][\/vc_tta_tabs][\/vc_column][\/vc_row][vc_row full_width=\u00a0\u00bbstretch_row\u00a0\u00bb one_page_section=\u00a0\u00bbyes\u00a0\u00bb one_page_label=\u00a0\u00bbSERVICES\u00a0\u00bb one_page_slug=\u00a0\u00bbservices\u00a0\u00bb css=\u00a0\u00bb.vc_custom_1462005011595{margin-bottom: 0px !important;padding-top: 116px !important;padding-bottom: 136px !important;background-color: #ffffff !important;}\u00a0\u00bb][vc_column width=\u00a0\u00bb1\/4&Prime; css=\u00a0\u00bb.vc_custom_1460555677122{margin-top: 35px !important;background-color: #656565 !important;}\u00a0\u00bb][vc_column_text css=\u00a0\u00bb.vc_custom_1462005110095{margin-bottom: 0px !important;padding-bottom: 80px !important;}\u00a0\u00bb]<\/p>\n<h2 style=\"margin-top: 10px; text-align: center; line-height: 50px; color: #e6731e;\"><span style=\"color: #e6731e;\">NOS<\/span><\/h2>\n<h2 style=\"text-align: center; line-height: 50px; color: #e6731e;\"><span style=\"color: #e6731e;\">PACKS<\/span><\/h2>\n<h2 style=\"text-align: center; line-height: 50px; color: #e6731e;\"><span style=\"color: #e6731e;\">MENSUELS<\/span><\/h2>\n<p style=\"margin-top: 40px; text-align: center; line-height: 24px; font-size: 16px;\"><span style=\"color: #ffffff;\">Dans un souci de service optimal, nous vous offrons la possibilit\u00e9 de souscrite \u00e0 un pack service.<\/span><\/p>\n<p style=\"margin-top: 40px; margin-bottom: 85px; text-align: center; line-height: 24px; font-size: 16px; color: #ffffff;\">Votre demande d&rsquo;intervention sera trait\u00e9e en priorit\u00e9 !<\/p>\n<p>[\/vc_column_text][\/vc_column][vc_column width=\u00a0\u00bb1\/4&Prime;][price_table title=\u00a0\u00bbSTARTUP\u00a0\u00bb color=\u00a0\u00bb#e6731e\u00a0\u00bb price=\u00a0\u00bb1 Heure\u00a0\u00bb per_year=\u00a0\u00bb\u00a0\u00bb icon_type=\u00a0\u00bbicon_image\u00a0\u00bb image=\u00a0\u00bb373&Prime; button_text=\u00a0\u00bbContactez-nous !\u00a0\u00bb link=\u00a0\u00bb#contact\u00a0\u00bb extra_class=\u00a0\u00bbscroll-to-link\u00a0\u00bb title_pos=\u00a0\u00bbbottom\u00a0\u00bb]<\/p>\n<p style=\"text-align: center; line-height: 20px;\">Assistance PC<\/p>\n<p style=\"text-align: center; line-height: 20px;\">Assistance imprimante<\/p>\n<p style=\"text-align: center; line-height: 20px;\">Support \u00e0 distance Teamviewer<\/p>\n<p style=\"text-align: center; line-height: 20px; margin-bottom: 160px;\">Support par 1\/4 heure<\/p>\n<p>[\/price_table][\/vc_column][vc_column width=\u00a0\u00bb1\/4&Prime;][price_table title=\u00a0\u00bbSTANDARD\u00a0\u00bb color=\u00a0\u00bb#e6731e\u00a0\u00bb price=\u00a0\u00bb3 Heures\u00a0\u00bb per_year=\u00a0\u00bb\u00a0\u00bb icon_type=\u00a0\u00bbicon_image\u00a0\u00bb image=\u00a0\u00bb376&Prime; button_text=\u00a0\u00bbContactez-nous !\u00a0\u00bb link=\u00a0\u00bb#contact\u00a0\u00bb title_pos=\u00a0\u00bbbottom\u00a0\u00bb]<\/p>\n<p style=\"text-align: center; line-height: 20px;\">Assistance PC<\/p>\n<p style=\"text-align: center; line-height: 20px;\">Assistance imprimante<\/p>\n<p style=\"text-align: center; line-height: 20px;\">Assistance serveur<\/p>\n<p style=\"text-align: center; line-height: 20px;\">Assistance logiciel<\/p>\n<p style=\"text-align: center; line-height: 20px;\">Support \u00e0 distance Teamviewer<\/p>\n<p style=\"text-align: center; line-height: 20px; margin-bottom: 100px;\">Support par 5 minutes<\/p>\n<p>[\/price_table][\/vc_column][vc_column width=\u00a0\u00bb1\/4&Prime;][price_table title=\u00a0\u00bbENTREPRISE\u00a0\u00bb color=\u00a0\u00bb#e6731e\u00a0\u00bb price=\u00a0\u00bb5 Heures\u00a0\u00bb per_year=\u00a0\u00bb\u00a0\u00bb icon_type=\u00a0\u00bbicon_image\u00a0\u00bb image=\u00a0\u00bb368&Prime; button_text=\u00a0\u00bbContactez-nous !\u00a0\u00bb link=\u00a0\u00bb#contact\u00a0\u00bb title_pos=\u00a0\u00bbbottom\u00a0\u00bb]<\/p>\n<p style=\"text-align: center; line-height: 20px;\">Assistance PC<\/p>\n<p style=\"text-align: center; line-height: 20px;\">Assistance imprimante<\/p>\n<p style=\"text-align: center; line-height: 20px;\">Assistance serveur<\/p>\n<p style=\"text-align: center; line-height: 20px;\">Assistance logiciel<\/p>\n<p style=\"text-align: center; line-height: 20px;\">Assistance sur site<\/p>\n<p style=\"text-align: center; line-height: 20px;\">Assistance R\u00e9seaux<\/p>\n<p style=\"text-align: center; line-height: 20px;\">Support \u00e0 distance Teamviewer<\/p>\n<p style=\"text-align: center; line-height: 20px;\">Support par 5 minutes<\/p>\n<p>[\/price_table][\/vc_column][\/vc_row][vc_row one_page_section=\u00a0\u00bbyes\u00a0\u00bb one_page_label=\u00a0\u00bbContact\u00a0\u00bb one_page_slug=\u00a0\u00bbcontact\u00a0\u00bb css=\u00a0\u00bb.vc_custom_1460384240429{margin-right: 0px !important;margin-bottom: 0px !important;margin-left: 0px !important;padding-bottom: 90px !important;}\u00a0\u00bb][vc_column css=\u00a0\u00bb.vc_custom_1460380156097{margin-top: 0px !important;}\u00a0\u00bb][vc_column_text css=\u00a0\u00bb.vc_custom_1460380163331{margin-top: 0px !important;}\u00a0\u00bb][\/vc_column_text][\/vc_column][vc_column][vc_gmaps link=\u00a0\u00bb#E-8_JTNDaWZyYW1lJTIwc3JjJTNEJTIyaHR0cHMlM0ElMkYlMkZ3d3cuZ29vZ2xlLmNvbSUyRm1hcHMlMkZlbWJlZCUzRnBiJTNEJTIxMW0xOCUyMTFtMTIlMjExbTMlMjExZDQ2MzE2OC4wOTAyODc3NzQyJTIxMmQ1Ljc3MDM5NDY0MjgxNDQ4OCUyMTNkNTAuMTExMjUxMTExMjU0NzQlMjEybTMlMjExZjAlMjEyZjAlMjEzZjAlMjEzbTIlMjExaTEwMjQlMjEyaTc2OCUyMTRmMTMuMSUyMTNtMyUyMTFtMiUyMTFzMHgwJTI1M0EweDAlMjEyek5URENzREV3SnpVMExqSWlUaUEyd3JBd01TY3hOeTQySWtVJTIxNWUwJTIxM20yJTIxMXNmciUyMTJzYmUlMjE0djE0NjAzOTc0ODc3MDIlMjIlMjB3aWR0aCUzRCUyMjgwMCUyMiUyMGhlaWdodCUzRCUyMjQwMCUyMiUyMGZyYW1lYm9yZGVyJTNEJTIyMCUyMiUyMHN0eWxlJTNEJTIyYm9yZGVyJTNBMCUyMiUyMGFsbG93ZnVsbHNjcmVlbiUzRSUzQyUyRmlmcmFtZSUzRQ==\u00a0\u00bb][\/vc_column][vc_column][vc_column_text][\/vc_column_text][\/vc_column][vc_column width=\u00a0\u00bb1\/3&Prime;][vc_column_text]<\/p>\n<h5 style=\"font-size: 13px; margin-bottom: 5px; margin-top: 10px; color: #333;\">ADRESSE<\/h5>\n<p style=\"color: #acafba; line-height: 24px; text-align: left; margin-top: 0; margin-bottom: 0;\">3,Op d&rsquo;Schm\u00ebtt<\/p>\n<p style=\"color: #acafba; line-height: 24px; text-align: left; margin-top: 0; margin-bottom: 0;\">9964 Huldange<\/p>\n<p style=\"color: #acafba; line-height: 24px; text-align: left; margin-top: 0; margin-bottom: 0;\">Luxembourg<\/p>\n<h5 style=\"font-size: 13px; margin-bottom: 5px; margin-top: 20px; color: #333;\">T\u00c9L\u00c9PHONE<\/h5>\n<p style=\"color: #acafba; line-height: 24px; text-align: left; margin-top: 0; margin-bottom: 0;\">00352\/20.80.03.94<\/p>\n<p style=\"color: #acafba; line-height: 24px; text-align: left; margin-top: 0; margin-bottom: 0;\">0032\/87.33.77.67<\/p>\n<h5 style=\"font-size: 13px; margin-bottom: 5px; margin-top: 20px; color: #333;\">E-MAIL<\/h5>\n<p><a class=\"mail-us\" href=\"mailto:staff@anysoft.lu\">staff@anysoft.lu<\/a><\/p>\n<h5 style=\"font-size: 13px; margin-bottom: 5px; margin-top: 20px; color: #333;\">ASSISTANCE<\/h5>\n<p>[\/vc_column_text][vc_single_image image=\u00a0\u00bb410&Prime; img_size=\u00a0\u00bb120&#215;30&Prime; onclick=\u00a0\u00bbcustom_link\u00a0\u00bb link=\u00a0\u00bbhttps:\/\/www.anysoft.lu\/TeamViewerQS_fr.exe\u00a0\u00bb css=\u00a0\u00bb.vc_custom_1618393994894{margin-top: -1.5rem !important;}\u00a0\u00bb][\/vc_column][vc_column width=\u00a0\u00bb2\/3&Prime; css=\u00a0\u00bb.vc_custom_1460380277191{margin-top: 0px !important;}\u00a0\u00bb][vc_column_text el_class=\u00a0\u00bbcontact-us\u00a0\u00bb]\n<div class=\"wpcf7 no-js\" id=\"wpcf7-f398-o1\" lang=\"fr-FR\" dir=\"ltr\">\n<div class=\"screen-reader-response\"><p role=\"status\" aria-live=\"polite\" aria-atomic=\"true\"><\/p> <ul><\/ul><\/div>\n<form action=\"\/index.php\/wp-json\/wp\/v2\/pages\/110#wpcf7-f398-o1\" method=\"post\" class=\"wpcf7-form init\" aria-label=\"Formulaire de contact\" novalidate=\"novalidate\" data-status=\"init\">\n<div style=\"display: none;\">\n<input type=\"hidden\" name=\"_wpcf7\" value=\"398\" \/>\n<input type=\"hidden\" name=\"_wpcf7_version\" value=\"5.8.2\" \/>\n<input type=\"hidden\" name=\"_wpcf7_locale\" value=\"fr_FR\" \/>\n<input type=\"hidden\" name=\"_wpcf7_unit_tag\" value=\"wpcf7-f398-o1\" \/>\n<input type=\"hidden\" name=\"_wpcf7_container_post\" value=\"0\" \/>\n<input type=\"hidden\" name=\"_wpcf7_posted_data_hash\" value=\"\" \/>\n<input type=\"hidden\" name=\"_wpcf7_recaptcha_response\" value=\"\" \/>\n<\/div>\n<div class=\"row\">\n\t<div class=\"col-md-6 col-sm-6\">\n\t\t<p><span class=\"wpcf7-form-control-wrap\" data-name=\"your-name\"><input size=\"40\" class=\"wpcf7-form-control wpcf7-text wpcf7-validates-as-required\" aria-required=\"true\" aria-invalid=\"false\" placeholder=\"Votre nom (obligatoire)\" value=\"\" type=\"text\" name=\"your-name\" \/><\/span>\n\t\t<\/p>\n\t<\/div>\n\t<div class=\"col-md-6 col-sm-6\">\n\t\t<p><span class=\"wpcf7-form-control-wrap\" data-name=\"your-email\"><input size=\"40\" class=\"wpcf7-form-control wpcf7-email wpcf7-validates-as-required wpcf7-text wpcf7-validates-as-email\" aria-required=\"true\" aria-invalid=\"false\" placeholder=\"Votre e-mail (obligatoire)\" value=\"\" type=\"email\" name=\"your-email\" \/><\/span>\n\t\t<\/p>\n\t<\/div>\n\t<div class=\"col-md-6 col-sm-6\">\n\t\t<p><span class=\"wpcf7-form-control-wrap\" data-name=\"your-subject\"><input size=\"40\" class=\"wpcf7-form-control wpcf7-text wpcf7-validates-as-required\" aria-required=\"true\" aria-invalid=\"false\" placeholder=\"Sujet (obligatoire)\" value=\"\" type=\"text\" name=\"your-subject\" \/><\/span>\n\t\t<\/p>\n\t<\/div>\n\t<div class=\"col-md-6 col-sm-6\">\n\t\t<p><span class=\"wpcf7-form-control-wrap\" data-name=\"Telephone\"><input size=\"40\" class=\"wpcf7-form-control wpcf7-tel wpcf7-validates-as-required wpcf7-text wpcf7-validates-as-tel\" aria-required=\"true\" aria-invalid=\"false\" placeholder=\"T\u00e9l\u00e9phone (obligatoire)\" value=\"\" type=\"tel\" name=\"Telephone\" \/><\/span>\n\t\t<\/p>\n\t<\/div>\n\t<div class=\"col-md-12 col-sm-12\">\n\t\t<p><span class=\"wpcf7-form-control-wrap\" data-name=\"your-message\"><textarea cols=\"20\" rows=\"5\" class=\"wpcf7-form-control wpcf7-textarea wpcf7-validates-as-required\" aria-required=\"true\" aria-invalid=\"false\" placeholder=\"Votre message (obligatoire)\" name=\"your-message\"><\/textarea><\/span>\n\t\t<\/p>\n\t<\/div>\n<\/div>\n<p><input class=\"wpcf7-form-control wpcf7-submit has-spinner\" type=\"submit\" value=\"Envoyer\" \/>\n<\/p><div class=\"wpcf7-response-output\" aria-hidden=\"true\"><\/div>\n<\/form>\n<\/div>\n[\/vc_column_text][\/vc_column][\/vc_row]<\/p>\n<\/section>","protected":false},"excerpt":{"rendered":"<p>[vc_row content_placement=\u00a0\u00bbtop\u00a0\u00bb one_page_section=\u00a0\u00bbyes\u00a0\u00bb one_page_label=\u00a0\u00bbaccueil\u00a0\u00bb one_page_slug=\u00a0\u00bbaccueil\u00a0\u00bb css=\u00a0\u00bb.vc_custom_1460539889002{background-position: center !important;background-repeat: no-repeat !important;background-size: cover !important;}\u00a0\u00bb][vc_column vertical_align=\u00a0\u00bbtop\u00a0\u00bb css=\u00a0\u00bb.vc_custom_1460539811712{margin-top: 5px !important;}\u00a0\u00bb][rev_slider_vc alias=\u00a0\u00bbanysoft_ok\u00a0\u00bb el_class=\u00a0\u00bbno-margin-bottom\u00a0\u00bb][slider_navigation count=\u00a0\u00bb3&Prime; style=\u00a0\u00bbtransparent\u00a0\u00bb][slider_navigation_el icon_type=\u00a0\u00bbicon_image\u00a0\u00bb image=\u00a0\u00bb376&Prime; title=\u00a0\u00bbANALYSE\u00a0\u00bb description=\u00a0\u00bbANALYSE\u00a0\u00bb extra_class=\u00a0\u00bbbanner-nav-item active\u00a0\u00bb imagesize=\u00a0\u00bb80&#215;80&Prime;][slider_navigation_el icon_type=\u00a0\u00bbicon_image\u00a0\u00bb image=\u00a0\u00bb377&Prime; title=\u00a0\u00bbD\u00c9VELOPPEMENT\u00a0\u00bb description=\u00a0\u00bbdeveloppement\u00a0\u00bb imagesize=\u00a0\u00bb80&#215;80&Prime;][slider_navigation_el icon_type=\u00a0\u00bbicon_image\u00a0\u00bb image=\u00a0\u00bb375&Prime; title=\u00a0\u00bbD\u00c9PLOIEMENT\u00a0\u00bb description=\u00a0\u00bbDEPLOIEMENT\u00a0\u00bb imagesize=\u00a0\u00bb80&#215;80&Prime;][\/slider_navigation][\/vc_column][\/vc_row][vc_row full_width=\u00a0\u00bbstretch_row_content_no_spaces\u00a0\u00bb one_page_section=\u00a0\u00bbyes\u00a0\u00bb one_page_label=\u00a0\u00bbPRODUITS\u00a0\u00bb one_page_slug=\u00a0\u00bbproduits\u00a0\u00bb css=\u00a0\u00bb.vc_custom_1460392037967{margin-top: 0px !important;margin-bottom: 0px !important;border-top-width: 0px !important;border-bottom-width: 0px !important;padding-top: 0px !important;padding-bottom: 0px !important;background-color: #ffffff !important;}\u00a0\u00bb][vc_column vertical_align=\u00a0\u00bbtop\u00a0\u00bb css=\u00a0\u00bb.vc_custom_1460364541467{margin-top: 0px !important;margin-bottom: 0px !important;border-top-width: 0px !important;border-bottom-width: 0px !important;padding-top: 0px !important;padding-bottom: 0px !important;}\u00a0\u00bb][vc_column_text css=\u00a0\u00bb.vc_custom_1460374810252{margin-top: 2px !important;margin-bottom: 2px !important;border-top-width: 2px !important;border-bottom-width: 2px !important;padding-top: 2px [&#8230;]<\/p>\n","protected":false},"author":1,"featured_media":0,"parent":0,"menu_order":0,"comment_status":"closed","ping_status":"closed","template":"","meta":{"_monsterinsights_skip_tracking":false,"_monsterinsights_sitenote_active":false,"_monsterinsights_sitenote_note":"","_monsterinsights_sitenote_category":0},"_links":{"self":[{"href":"https:\/\/www.anysoft.lu\/index.php\/wp-json\/wp\/v2\/pages\/110"}],"collection":[{"href":"https:\/\/www.anysoft.lu\/index.php\/wp-json\/wp\/v2\/pages"}],"about":[{"href":"https:\/\/www.anysoft.lu\/index.php\/wp-json\/wp\/v2\/types\/page"}],"author":[{"embeddable":true,"href":"https:\/\/www.anysoft.lu\/index.php\/wp-json\/wp\/v2\/users\/1"}],"replies":[{"embeddable":true,"href":"https:\/\/www.anysoft.lu\/index.php\/wp-json\/wp\/v2\/comments?post=110"}],"version-history":[{"count":281,"href":"https:\/\/www.anysoft.lu\/index.php\/wp-json\/wp\/v2\/pages\/110\/revisions"}],"predecessor-version":[{"id":556,"href":"https:\/\/www.anysoft.lu\/index.php\/wp-json\/wp\/v2\/pages\/110\/revisions\/556"}],"wp:attachment":[{"href":"https:\/\/www.anysoft.lu\/index.php\/wp-json\/wp\/v2\/media?parent=110"}],"curies":[{"name":"wp","href":"https:\/\/api.w.org\/{rel}","templated":true}]}}